{"id":2364,"date":"2024-12-29T18:51:04","date_gmt":"2024-12-29T17:51:04","guid":{"rendered":"https:\/\/free2rent.si\/?page_id=2364"},"modified":"2025-01-05T23:02:16","modified_gmt":"2025-01-05T22:02:16","slug":"locations","status":"publish","type":"page","link":"https:\/\/free2rent.si\/en\/locations\/","title":{"rendered":"Office locations"},"content":{"rendered":"<p><div class=\"fusion-fullwidth fullwidth-box fusion-builder-row-1 fusion-flex-container fusion-parallax-none nonhundred-percent-fullwidth non-hundred-percent-height-scrolling lazyload\" style=\"--awb-border-radius-top-left:0px;--awb-border-radius-top-right:0px;--awb-border-radius-bottom-right:0px;--awb-border-radius-bottom-left:0px;--awb-padding-top:100px;--awb-padding-bottom:61px;--awb-margin-bottom:49px;--awb-background-color:var(--awb-color7);--awb-background-image:linear-gradient(180deg, rgba(0,0,0,0.58) 0%,rgba(0,0,0,0.58) 100%);;--awb-background-size:cover;--awb-flex-wrap:wrap;\" data-bg=\"https:\/\/free2rent.si\/wp-content\/uploads\/2025\/01\/4.png\" data-bg-gradient=\"linear-gradient(180deg, rgba(0,0,0,0.58) 0%,rgba(0,0,0,0.58) 100%)\" ><div class=\"fusion-builder-row fusion-row fusion-flex-align-items-flex-start fusion-flex-content-wrap\" style=\"max-width:1248px;margin-left: calc(-4% \/ 2 );margin-right: calc(-4% \/ 2 );\"><div class=\"fusion-layout-column fusion_builder_column fusion-builder-column-0 fusion-flex-column\" style=\"--awb-bg-size:cover;--awb-width-large:70%;--awb-margin-top-large:0px;--awb-spacing-right-large:2.7428571428571%;--awb-margin-bottom-large:20px;--awb-spacing-left-large:2.7428571428571%;--awb-width-medium:100%;--awb-order-medium:0;--awb-spacing-right-medium:1.92%;--awb-spacing-left-medium:1.92%;--awb-width-small:100%;--awb-order-small:0;--awb-spacing-right-small:1.92%;--awb-spacing-left-small:1.92%;\"><div class=\"fusion-column-wrapper fusion-column-has-shadow fusion-flex-justify-content-flex-start fusion-content-layout-column\"><div class=\"fusion-title title fusion-title-1 fusion-sep-none fusion-title-text fusion-title-size-two\" style=\"--awb-text-color:var(--awb-color5);--awb-margin-bottom:5px;--awb-font-size:var(--awb-typography2-font-size);\"><h2 class=\"fusion-title-heading title-heading-left\" style=\"font-family:var(--awb-typography2-font-family);font-weight:var(--awb-typography2-font-weight);font-style:var(--awb-typography2-font-style);margin:0;letter-spacing:var(--awb-typography2-letter-spacing);text-transform:var(--awb-typography2-text-transform);font-size:1em;line-height:var(--awb-typography2-line-height);\">Free2Rent | Rent a car<\/h2><\/div><div class=\"fusion-title title fusion-title-2 fusion-sep-none fusion-title-text fusion-title-size-one\" style=\"--awb-text-color:var(--awb-color1);--awb-font-size:55px;\"><h1 class=\"fusion-title-heading title-heading-left\" style=\"margin:0;text-transform:none;font-size:1em;\">Office locations<\/h1><\/div><div class=\"fusion-separator\" style=\"align-self: flex-start;margin-right:auto;margin-top:15px;margin-bottom:0px;width:100%;max-width:80px;\"><div class=\"fusion-separator-border sep-single sep-solid\" style=\"--awb-height:20px;--awb-amount:20px;--awb-sep-color:var(--awb-color1);border-color:var(--awb-color1);border-top-width:2px;\"><\/div><\/div><\/div><\/div><\/div><\/div><div class=\"fusion-fullwidth fullwidth-box fusion-builder-row-2 fusion-flex-container has-pattern-background has-mask-background nonhundred-percent-fullwidth non-hundred-percent-height-scrolling\" style=\"--awb-background-position:center top;--awb-border-radius-top-left:0px;--awb-border-radius-top-right:0px;--awb-border-radius-bottom-right:0px;--awb-border-radius-bottom-left:0px;--awb-padding-top:0px;--awb-padding-bottom:120px;--awb-padding-top-medium:0px;--awb-padding-bottom-medium:80px;--awb-padding-top-small:0px;--awb-flex-wrap:wrap;\" ><div class=\"fusion-builder-row fusion-row fusion-flex-align-items-stretch fusion-flex-content-wrap\" style=\"max-width:1248px;margin-left: calc(-4% \/ 2 );margin-right: calc(-4% \/ 2 );\"><div class=\"fusion-layout-column fusion_builder_column fusion-builder-column-1 fusion_builder_column_1_3 1_3 fusion-flex-column fusion-flex-align-self-stretch\" style=\"--awb-padding-top:36px;--awb-padding-right:40px;--awb-padding-bottom:32px;--awb-padding-left:40px;--awb-overflow:hidden;--awb-bg-color:#ffffff;--awb-bg-color-hover:#ffffff;--awb-bg-size:cover;--awb-box-shadow:0px 2px 4px -1px hsla(var(--awb-color1-h),var(--awb-color1-s),calc( var(--awb-color1-l) - 100% ),calc( var(--awb-color1-a) - 95% ));;--awb-border-color:#74d74c;--awb-border-top:1px;--awb-border-right:1px;--awb-border-bottom:1px;--awb-border-left:1px;--awb-border-style:solid;--awb-border-radius:8px 8px 8px 8px;--awb-width-large:33.333333333333%;--awb-margin-top-large:0px;--awb-spacing-right-large:20px;--awb-margin-bottom-large:20px;--awb-spacing-left-large:20px;--awb-width-medium:100%;--awb-order-medium:0;--awb-spacing-right-medium:10px;--awb-spacing-left-medium:10px;--awb-width-small:100%;--awb-order-small:0;--awb-spacing-right-small:1.92%;--awb-margin-bottom-small:10px;--awb-spacing-left-small:1.92%;\"><div class=\"fusion-column-wrapper fusion-column-has-shadow fusion-flex-justify-content-flex-start fusion-content-layout-column\"><a class=\"fb-icon-element-1 fb-icon-element fontawesome-icon fa-map-marker-alt fas circle-yes fusion-text-flow fusion-link\" style=\"--awb-circlecolor:#74d74c;--awb-circlecolor-hover:#74d74c;--awb-circlebordercolor:#74d74c;--awb-circlebordercolor-hover:#74d74c;--awb-circlebordersize:1px;--awb-font-size:28.16px;--awb-width:56.32px;--awb-height:56.32px;--awb-line-height:54.32px;--awb-margin-bottom:16px;\" href=\"https:\/\/free2rent.si\/lokacije\/poslovalnica-ljubljana-letalisce-jozeta-pucnika\/\" target=\"_self\" aria-label=\"Link to https:\/\/free2rent.si\/lokacije\/poslovalnica-ljubljana-letalisce-jozeta-pucnika\/\"><\/a><div class=\"fusion-title title fusion-title-3 fusion-sep-none fusion-title-text fusion-title-size-three\" style=\"--awb-font-size:24px;\"><h3 class=\"fusion-title-heading title-heading-left\" style=\"margin:0;font-size:1em;line-height:1.42em;\"><a href=\"https:\/\/free2rent.si\/en\/locations\/office-ljubljana-joze-pucnik-airport\/\" class=\"awb-custom-text-color awb-custom-text-hover-color\" target=\"_self\"><strong>Ljubljana letali\u0161\u010de Jo\u017eeta Pu\u010dnika<\/strong><\/a><\/h3><\/div><div class=\"fusion-text fusion-text-1\"><p>Free2Rent | Poslovalnica Ljubljana letali\u0161\u010de Jo\u017eeta Pu\u010dnika<\/p>\n<\/div><div class=\"fusion-text fusion-text-2\"><p><a href=\"https:\/\/maps.app.goo.gl\/zNUdQgRnUCX4X9iB8\" target=\"_blank\" rel=\"noopener\">Zgornji Brnik 130a,<br \/>\n4210 Brnik \u2013 Aerodrom<br \/>\nSlovenija<br \/>\n<\/a><\/p>\n<p>Tel: <a href=\"tel:+38670727777\">+386 70 727 777<\/a><br \/>\nEmail: <a href=\"mailto:info@free2rent.si\">info@free2rent.si<\/a><\/p>\n<\/div><\/div><\/div><div class=\"fusion-layout-column fusion_builder_column fusion-builder-column-2 fusion_builder_column_1_3 1_3 fusion-flex-column fusion-flex-align-self-stretch\" style=\"--awb-padding-top:36px;--awb-padding-right:40px;--awb-padding-bottom:32px;--awb-padding-left:40px;--awb-overflow:hidden;--awb-bg-color:#ffffff;--awb-bg-color-hover:#ffffff;--awb-bg-size:cover;--awb-box-shadow:0px 2px 4px -1px hsla(var(--awb-color1-h),var(--awb-color1-s),calc( var(--awb-color1-l) - 100% ),calc( var(--awb-color1-a) - 95% ));;--awb-border-color:#74d74c;--awb-border-top:1px;--awb-border-right:1px;--awb-border-bottom:1px;--awb-border-left:1px;--awb-border-style:solid;--awb-border-radius:8px 8px 8px 8px;--awb-width-large:33.333333333333%;--awb-margin-top-large:0px;--awb-spacing-right-large:20px;--awb-margin-bottom-large:20px;--awb-spacing-left-large:20px;--awb-width-medium:100%;--awb-order-medium:0;--awb-spacing-right-medium:10px;--awb-spacing-left-medium:10px;--awb-width-small:100%;--awb-order-small:0;--awb-spacing-right-small:1.92%;--awb-margin-bottom-small:10px;--awb-spacing-left-small:1.92%;\"><div class=\"fusion-column-wrapper fusion-column-has-shadow fusion-flex-justify-content-flex-start fusion-content-layout-column\"><a class=\"fb-icon-element-2 fb-icon-element fontawesome-icon fa-map-marker-alt fas circle-yes fusion-text-flow fusion-link\" style=\"--awb-circlecolor:#74d74c;--awb-circlecolor-hover:#74d74c;--awb-circlebordercolor:#74d74c;--awb-circlebordercolor-hover:#74d74c;--awb-circlebordersize:1px;--awb-font-size:28.16px;--awb-width:56.32px;--awb-height:56.32px;--awb-line-height:54.32px;--awb-margin-bottom:16px;\" href=\"https:\/\/free2rent.si\/lokacije\/poslovalnica-ljubljana-zelezniska-postaja\/\" target=\"_self\" aria-label=\"Link to https:\/\/free2rent.si\/lokacije\/poslovalnica-ljubljana-zelezniska-postaja\/\"><\/a><div class=\"fusion-title title fusion-title-4 fusion-sep-none fusion-title-text fusion-title-size-three\" style=\"--awb-font-size:24px;\"><h3 class=\"fusion-title-heading title-heading-left\" style=\"margin:0;font-size:1em;line-height:1.42em;\"><a href=\"https:\/\/free2rent.si\/en\/locations\/office-ljubljana-railway-station\/\" class=\"awb-custom-text-color awb-custom-text-hover-color\" target=\"_self\"><strong>Ljubljana \u017eelezni\u0161ka postaja<\/strong><\/a><\/h3><\/div><div class=\"fusion-text fusion-text-3\"><p>Free2Rent | Poslovalnica Ljubljana \u017eelezni\u0161ka postaja<\/p>\n<\/div><div class=\"fusion-text fusion-text-4\"><p><a href=\"https:\/\/maps.app.goo.gl\/KnHscsBG6QsTgzNbA\">Masarykova cesta 14, 1000 Ljubljana<br \/>\nSlovenija<\/a><\/p>\n<p>Tel: <a href=\"tel:+386 41 805 040\">+386 41 805 040<\/a><br \/>\nEmail: <a href=\"mailto:info@free2rent.si\">info@free2rent.si<\/a><\/p>\n<\/div><\/div><\/div><div class=\"fusion-layout-column fusion_builder_column fusion-builder-column-3 fusion_builder_column_1_3 1_3 fusion-flex-column fusion-flex-align-self-stretch\" style=\"--awb-padding-top:36px;--awb-padding-right:40px;--awb-padding-bottom:32px;--awb-padding-left:40px;--awb-overflow:hidden;--awb-bg-color:#ffffff;--awb-bg-color-hover:#ffffff;--awb-bg-size:cover;--awb-box-shadow:0px 2px 4px -1px hsla(var(--awb-color1-h),var(--awb-color1-s),calc( var(--awb-color1-l) - 100% ),calc( var(--awb-color1-a) - 95% ));;--awb-border-color:#74d74c;--awb-border-top:1px;--awb-border-right:1px;--awb-border-bottom:1px;--awb-border-left:1px;--awb-border-style:solid;--awb-border-radius:8px 8px 8px 8px;--awb-width-large:33.333333333333%;--awb-margin-top-large:0px;--awb-spacing-right-large:20px;--awb-margin-bottom-large:20px;--awb-spacing-left-large:20px;--awb-width-medium:100%;--awb-order-medium:0;--awb-spacing-right-medium:10px;--awb-spacing-left-medium:10px;--awb-width-small:100%;--awb-order-small:0;--awb-spacing-right-small:1.92%;--awb-margin-bottom-small:10px;--awb-spacing-left-small:1.92%;\" data-scroll-devices=\"small-visibility,medium-visibility,large-visibility\"><div class=\"fusion-column-wrapper fusion-column-has-shadow fusion-flex-justify-content-flex-start fusion-content-layout-column\"><a class=\"fb-icon-element-3 fb-icon-element fontawesome-icon fa-map-marker-alt fas circle-yes fusion-text-flow fusion-link\" style=\"--awb-circlecolor:#74d74c;--awb-circlecolor-hover:#74d74c;--awb-circlebordercolor:#74d74c;--awb-circlebordercolor-hover:#74d74c;--awb-circlebordersize:1px;--awb-font-size:28.16px;--awb-width:56.32px;--awb-height:56.32px;--awb-line-height:54.32px;--awb-margin-bottom:16px;\" href=\"https:\/\/free2rent.si\/lokacije\/poslovalnica-celje-center\/\" target=\"_self\" aria-label=\"Link to https:\/\/free2rent.si\/lokacije\/poslovalnica-celje-center\/\"><\/a><div class=\"fusion-title title fusion-title-5 fusion-sep-none fusion-title-text fusion-title-size-three\" style=\"--awb-font-size:24px;\"><h3 class=\"fusion-title-heading title-heading-left\" style=\"margin:0;font-size:1em;line-height:1.42em;\"><a href=\"https:\/\/free2rent.si\/en\/locations\/office-celje-downtown\/\" class=\"awb-custom-text-color awb-custom-text-hover-color\" target=\"_self\"><strong>Celje center<\/strong><\/a><\/h3><\/div><div class=\"fusion-text fusion-text-5\"><p>Free2Rent | Poslovalnica Celje center<\/p>\n<\/div><div class=\"fusion-text fusion-text-6\"><p><a href=\"https:\/\/maps.app.goo.gl\/ha48Vihp6w929DmY6\">De\u010dkova cesta 43<br \/>\n3000 Celje<br \/>\nSlovenija<br \/>\n<\/a><br \/>\nTel: <a href=\"tel:+386 51 20 22 90\">+386 51 20 22 90<\/a><br \/>\nEmail: <a href=\"mailto:info@free2rent.si\">info@free2rent.si<\/a><\/p>\n<\/div><\/div><\/div><div class=\"fusion-layout-column fusion_builder_column fusion-builder-column-4 fusion_builder_column_1_3 1_3 fusion-flex-column fusion-flex-align-self-stretch\" style=\"--awb-padding-top:36px;--awb-padding-right:40px;--awb-padding-bottom:32px;--awb-padding-left:40px;--awb-overflow:hidden;--awb-bg-color:#ffffff;--awb-bg-color-hover:#ffffff;--awb-bg-size:cover;--awb-box-shadow:0px 2px 4px -1px hsla(var(--awb-color1-h),var(--awb-color1-s),calc( var(--awb-color1-l) - 100% ),calc( var(--awb-color1-a) - 95% ));;--awb-border-color:#74d74c;--awb-border-top:1px;--awb-border-right:1px;--awb-border-bottom:1px;--awb-border-left:1px;--awb-border-style:solid;--awb-border-radius:8px 8px 8px 8px;--awb-width-large:33.333333333333%;--awb-margin-top-large:0px;--awb-spacing-right-large:20px;--awb-margin-bottom-large:20px;--awb-spacing-left-large:20px;--awb-width-medium:100%;--awb-order-medium:0;--awb-spacing-right-medium:10px;--awb-spacing-left-medium:10px;--awb-width-small:100%;--awb-order-small:0;--awb-spacing-right-small:1.92%;--awb-margin-bottom-small:10px;--awb-spacing-left-small:1.92%;\" data-scroll-devices=\"small-visibility,medium-visibility,large-visibility\"><div class=\"fusion-column-wrapper fusion-column-has-shadow fusion-flex-justify-content-flex-start fusion-content-layout-column\"><a class=\"fb-icon-element-4 fb-icon-element fontawesome-icon fa-map-marker-alt fas circle-yes fusion-text-flow fusion-link\" style=\"--awb-circlecolor:#74d74c;--awb-circlecolor-hover:#74d74c;--awb-circlebordercolor:#74d74c;--awb-circlebordercolor-hover:#74d74c;--awb-circlebordersize:1px;--awb-font-size:28.16px;--awb-width:56.32px;--awb-height:56.32px;--awb-line-height:54.32px;--awb-margin-bottom:16px;\" href=\"https:\/\/free2rent.si\/lokacije\/poslovalnica-koper-center\/\" target=\"_self\" aria-label=\"Link to https:\/\/free2rent.si\/lokacije\/poslovalnica-koper-center\/\"><\/a><div class=\"fusion-title title fusion-title-6 fusion-sep-none fusion-title-text fusion-title-size-three\" style=\"--awb-font-size:24px;\"><h3 class=\"fusion-title-heading title-heading-left\" style=\"margin:0;font-size:1em;line-height:1.42em;\"><a href=\"https:\/\/free2rent.si\/en\/locations\/office-koper-downtown\/\" class=\"awb-custom-text-color awb-custom-text-hover-color\" target=\"_self\"><strong>Koper center<\/strong><\/a><\/h3><\/div><div class=\"fusion-text fusion-text-7\"><p>Free2Rent | Poslovalnica Koper center<\/p>\n<\/div><div class=\"fusion-text fusion-text-8\"><p><a href=\"https:\/\/maps.app.goo.gl\/BKtW39L2QwpnY5Rg7\">Pristani\u0161ka ulica 2<br \/>\n6000 Koper<br \/>\nSlovenija<br \/>\n<\/a><br \/>\nTel: <a href=\"tel:+386 51 425 605\">+386 51 425 605<\/a><br \/>\nEmail: <a href=\"mailto:info@free2rent.si\">info@free2rent.si<\/a><\/p>\n<\/div><\/div><\/div><\/div><\/div>\n<div class=\"fusion-fullwidth fullwidth-box fusion-builder-row-3 fusion-flex-container has-pattern-background has-mask-background nonhundred-percent-fullwidth non-hundred-percent-height-scrolling\" style=\"--awb-border-radius-top-left:0px;--awb-border-radius-top-right:0px;--awb-border-radius-bottom-right:0px;--awb-border-radius-bottom-left:0px;--awb-padding-bottom:128px;--awb-flex-wrap:wrap;\" ><div class=\"fusion-builder-row fusion-row fusion-flex-align-items-flex-start fusion-flex-content-wrap\" style=\"max-width:1248px;margin-left: calc(-4% \/ 2 );margin-right: calc(-4% \/ 2 );\"><div class=\"fusion-layout-column fusion_builder_column fusion-builder-column-5 fusion_builder_column_1_1 1_1 fusion-flex-column\" style=\"--awb-bg-size:cover;--awb-width-large:100%;--awb-margin-top-large:0px;--awb-spacing-right-large:1.92%;--awb-margin-bottom-large:20px;--awb-spacing-left-large:1.92%;--awb-width-medium:100%;--awb-order-medium:0;--awb-spacing-right-medium:1.92%;--awb-spacing-left-medium:1.92%;--awb-width-small:100%;--awb-order-small:0;--awb-spacing-right-small:1.92%;--awb-spacing-left-small:1.92%;\"><div class=\"fusion-column-wrapper fusion-column-has-shadow fusion-flex-justify-content-flex-start fusion-content-layout-column\"><div class=\"fusion-text fusion-text-9\"><p>&nbsp;<\/p>\n<p><strong>Car rental across Slovenia with Free2Rent Rent a Car<\/strong><\/p>\n<p>Traveling around Slovenia has never been so simple and hassle-free! <strong>Free2Rent Rent a Car<\/strong> offers vehicle rentals at several convenient locations, including Ljubljana, Celje, and Koper. Our modern online platform ensures quick and easy car bookings, saving you time and reducing stress.<\/p>\n<p>Whether you&#8217;re planning a business trip, a relaxing weekend getaway, or exploring Slovenia&#8217;s stunning sights, Free2Rent guarantees flexible and high-quality car rental services.<\/p>\n<p><strong>Diverse vehicle options<\/strong><\/p>\n<p>Choose from a wide range of vehicles tailored to your needs and occasions:<\/p>\n<ul>\n<li><strong>Mini and Economy cars<\/strong> \u2013 Perfect for city drives and short distances.<\/li>\n<li><strong>Compact and Intermediate cars<\/strong> \u2013 Practical for daily errands and comfortable trips.<\/li>\n<li><strong>Standard and Full-size cars<\/strong> \u2013 Spacious and ideal for longer journeys with family or friends.<\/li>\n<\/ul>\n<p><strong>Whatever your preference or occasion, we have the right vehicle for you!<\/strong> Our extensive selection ensures you\u2019ll always find exactly what you need for a worry-free and pleasant drive.<\/p>\n<p><strong>Why choose Free2Rent Rent a Car?<\/strong><\/p>\n<ul>\n<li><strong>Flexibility and ease<\/strong><\/li>\n<\/ul>\n<p>Changes in plans? No problem! With Free2Rent, you can modify or cancel your reservation free of charge up to 48 hours before vehicle pickup, offering ultimate flexibility when you need it most.<\/p>\n<ul>\n<li><strong>Reliability and quality<\/strong><\/li>\n<\/ul>\n<p>Our locations are carefully selected, and our team of experts is always ready to assist. All vehicles are regularly serviced and thoroughly inspected to ensure safety and comfort on the road.<\/p>\n<ul>\n<li><strong>Simple booking<\/strong><\/li>\n<\/ul>\n<p>Our online platform allows for fast and easy car reservations. Just a few clicks separate you from your vehicle, ready for pickup anytime, anywhere.<\/p>\n<p><strong>Book your vehicle today!<\/strong><\/p>\n<p>Make your next trip across Slovenia stress-free and straightforward. With <strong>Free2Rent Rent a Car<\/strong>, you get reliable service, flexible rental options, and professional support. Book now and enjoy an unforgettable journey!<\/p>\n<\/div><\/div><\/div><\/div><\/div><\/p>\n","protected":false},"excerpt":{"rendered":"","protected":false},"author":1,"featured_media":0,"parent":0,"menu_order":0,"comment_status":"closed","ping_status":"closed","template":"100-width.php","meta":{"footnotes":""},"class_list":["post-2364","page","type-page","status-publish","hentry"],"yoast_head":"<!-- This site is optimized with the Yoast SEO Premium plugin v26.5 (Yoast SEO v26.5) - https:\/\/yoast.com\/wordpress\/plugins\/seo\/ -->\n<title>Office locations | Free2Rent | Rent a car<\/title>\n<meta name=\"description\" content=\"Rent a car with Free2Rent! Flexible bookings, diverse vehicles, and convenient locations for hassle-free travel across Slovenia.\" \/>\n<meta name=\"robots\" content=\"index, follow, max-snippet:-1, max-image-preview:large, max-video-preview:-1\" \/>\n<link rel=\"canonical\" href=\"https:\/\/free2rent.si\/en\/locations\/\" \/>\n<meta property=\"og:locale\" content=\"en_US\" \/>\n<meta property=\"og:type\" content=\"article\" \/>\n<meta property=\"og:title\" content=\"Office locations\" \/>\n<meta property=\"og:description\" content=\"Rent a car with Free2Rent! Flexible bookings, diverse vehicles, and convenient locations for hassle-free travel across Slovenia.\" \/>\n<meta property=\"og:url\" content=\"https:\/\/free2rent.si\/en\/locations\/\" \/>\n<meta property=\"og:site_name\" content=\"Free2Rent | Rent a car\" \/>\n<meta property=\"article:publisher\" content=\"https:\/\/www.facebook.com\/Free2RentCelje\/\" \/>\n<meta property=\"article:modified_time\" content=\"2025-01-05T22:02:16+00:00\" \/>\n<meta property=\"og:image\" content=\"https:\/\/free2rent.si\/wp-content\/uploads\/2025\/05\/social-1.webp\" \/>\n\t<meta property=\"og:image:width\" content=\"1200\" \/>\n\t<meta property=\"og:image:height\" content=\"675\" \/>\n\t<meta property=\"og:image:type\" content=\"image\/webp\" \/>\n<meta name=\"twitter:card\" content=\"summary_large_image\" \/>\n<meta name=\"twitter:label1\" content=\"Est. reading time\" \/>\n\t<meta name=\"twitter:data1\" content=\"3 minutes\" \/>\n<script type=\"application\/ld+json\" class=\"yoast-schema-graph\">{\"@context\":\"https:\/\/schema.org\",\"@graph\":[{\"@type\":\"WebPage\",\"@id\":\"https:\/\/free2rent.si\/en\/locations\/\",\"url\":\"https:\/\/free2rent.si\/en\/locations\/\",\"name\":\"Office locations | Free2Rent | Rent a car\",\"isPartOf\":{\"@id\":\"https:\/\/free2rent.si\/en\/#website\"},\"datePublished\":\"2024-12-29T17:51:04+00:00\",\"dateModified\":\"2025-01-05T22:02:16+00:00\",\"description\":\"Rent a car with Free2Rent! Flexible bookings, diverse vehicles, and convenient locations for hassle-free travel across Slovenia.\",\"breadcrumb\":{\"@id\":\"https:\/\/free2rent.si\/en\/locations\/#breadcrumb\"},\"inLanguage\":\"en-US\",\"potentialAction\":[{\"@type\":\"ReadAction\",\"target\":[\"https:\/\/free2rent.si\/en\/locations\/\"]}]},{\"@type\":\"BreadcrumbList\",\"@id\":\"https:\/\/free2rent.si\/en\/locations\/#breadcrumb\",\"itemListElement\":[{\"@type\":\"ListItem\",\"position\":1,\"name\":\"Home\",\"item\":\"https:\/\/free2rent.si\/en\/\"},{\"@type\":\"ListItem\",\"position\":2,\"name\":\"Office locations\"}]},{\"@type\":\"WebSite\",\"@id\":\"https:\/\/free2rent.si\/en\/#website\",\"url\":\"https:\/\/free2rent.si\/en\/\",\"name\":\"Free2Rent | Rent a car\",\"description\":\"\",\"publisher\":{\"@id\":\"https:\/\/free2rent.si\/en\/#organization\"},\"potentialAction\":[{\"@type\":\"SearchAction\",\"target\":{\"@type\":\"EntryPoint\",\"urlTemplate\":\"https:\/\/free2rent.si\/en\/?s={search_term_string}\"},\"query-input\":{\"@type\":\"PropertyValueSpecification\",\"valueRequired\":true,\"valueName\":\"search_term_string\"}}],\"inLanguage\":\"en-US\"},{\"@type\":\"Organization\",\"@id\":\"https:\/\/free2rent.si\/en\/#organization\",\"name\":\"Free2Rent | Rent a car\",\"url\":\"https:\/\/free2rent.si\/en\/\",\"logo\":{\"@type\":\"ImageObject\",\"inLanguage\":\"en-US\",\"@id\":\"https:\/\/free2rent.si\/en\/#\/schema\/logo\/image\/\",\"url\":\"https:\/\/free2rent.si\/wp-content\/uploads\/2025\/05\/Logo-social.webp\",\"contentUrl\":\"https:\/\/free2rent.si\/wp-content\/uploads\/2025\/05\/Logo-social.webp\",\"width\":696,\"height\":696,\"caption\":\"Free2Rent | Rent a car\"},\"image\":{\"@id\":\"https:\/\/free2rent.si\/en\/#\/schema\/logo\/image\/\"},\"sameAs\":[\"https:\/\/www.facebook.com\/Free2RentCelje\/\",\"https:\/\/www.instagram.com\/free2rent\/\"]}]}<\/script>\n<!-- \/ Yoast SEO Premium plugin. -->","yoast_head_json":{"title":"Office locations | Free2Rent | Rent a car","description":"Rent a car with Free2Rent! Flexible bookings, diverse vehicles, and convenient locations for hassle-free travel across Slovenia.","robots":{"index":"index","follow":"follow","max-snippet":"max-snippet:-1","max-image-preview":"max-image-preview:large","max-video-preview":"max-video-preview:-1"},"canonical":"https:\/\/free2rent.si\/en\/locations\/","og_locale":"en_US","og_type":"article","og_title":"Office locations","og_description":"Rent a car with Free2Rent! Flexible bookings, diverse vehicles, and convenient locations for hassle-free travel across Slovenia.","og_url":"https:\/\/free2rent.si\/en\/locations\/","og_site_name":"Free2Rent | Rent a car","article_publisher":"https:\/\/www.facebook.com\/Free2RentCelje\/","article_modified_time":"2025-01-05T22:02:16+00:00","og_image":[{"width":1200,"height":675,"url":"https:\/\/free2rent.si\/wp-content\/uploads\/2025\/05\/social-1.webp","type":"image\/webp"}],"twitter_card":"summary_large_image","twitter_misc":{"Est. reading time":"3 minutes"},"schema":{"@context":"https:\/\/schema.org","@graph":[{"@type":"WebPage","@id":"https:\/\/free2rent.si\/en\/locations\/","url":"https:\/\/free2rent.si\/en\/locations\/","name":"Office locations | Free2Rent | Rent a car","isPartOf":{"@id":"https:\/\/free2rent.si\/en\/#website"},"datePublished":"2024-12-29T17:51:04+00:00","dateModified":"2025-01-05T22:02:16+00:00","description":"Rent a car with Free2Rent! Flexible bookings, diverse vehicles, and convenient locations for hassle-free travel across Slovenia.","breadcrumb":{"@id":"https:\/\/free2rent.si\/en\/locations\/#breadcrumb"},"inLanguage":"en-US","potentialAction":[{"@type":"ReadAction","target":["https:\/\/free2rent.si\/en\/locations\/"]}]},{"@type":"BreadcrumbList","@id":"https:\/\/free2rent.si\/en\/locations\/#breadcrumb","itemListElement":[{"@type":"ListItem","position":1,"name":"Home","item":"https:\/\/free2rent.si\/en\/"},{"@type":"ListItem","position":2,"name":"Office locations"}]},{"@type":"WebSite","@id":"https:\/\/free2rent.si\/en\/#website","url":"https:\/\/free2rent.si\/en\/","name":"Free2Rent | Rent a car","description":"","publisher":{"@id":"https:\/\/free2rent.si\/en\/#organization"},"potentialAction":[{"@type":"SearchAction","target":{"@type":"EntryPoint","urlTemplate":"https:\/\/free2rent.si\/en\/?s={search_term_string}"},"query-input":{"@type":"PropertyValueSpecification","valueRequired":true,"valueName":"search_term_string"}}],"inLanguage":"en-US"},{"@type":"Organization","@id":"https:\/\/free2rent.si\/en\/#organization","name":"Free2Rent | Rent a car","url":"https:\/\/free2rent.si\/en\/","logo":{"@type":"ImageObject","inLanguage":"en-US","@id":"https:\/\/free2rent.si\/en\/#\/schema\/logo\/image\/","url":"https:\/\/free2rent.si\/wp-content\/uploads\/2025\/05\/Logo-social.webp","contentUrl":"https:\/\/free2rent.si\/wp-content\/uploads\/2025\/05\/Logo-social.webp","width":696,"height":696,"caption":"Free2Rent | Rent a car"},"image":{"@id":"https:\/\/free2rent.si\/en\/#\/schema\/logo\/image\/"},"sameAs":["https:\/\/www.facebook.com\/Free2RentCelje\/","https:\/\/www.instagram.com\/free2rent\/"]}]}},"_links":{"self":[{"href":"https:\/\/free2rent.si\/en\/wp-json\/wp\/v2\/pages\/2364","targetHints":{"allow":["GET"]}}],"collection":[{"href":"https:\/\/free2rent.si\/en\/wp-json\/wp\/v2\/pages"}],"about":[{"href":"https:\/\/free2rent.si\/en\/wp-json\/wp\/v2\/types\/page"}],"author":[{"embeddable":true,"href":"https:\/\/free2rent.si\/en\/wp-json\/wp\/v2\/users\/1"}],"replies":[{"embeddable":true,"href":"https:\/\/free2rent.si\/en\/wp-json\/wp\/v2\/comments?post=2364"}],"version-history":[{"count":0,"href":"https:\/\/free2rent.si\/en\/wp-json\/wp\/v2\/pages\/2364\/revisions"}],"wp:attachment":[{"href":"https:\/\/free2rent.si\/en\/wp-json\/wp\/v2\/media?parent=2364"}],"curies":[{"name":"wp","href":"https:\/\/api.w.org\/{rel}","templated":true}]}}